{"id":356,"date":"2025-07-14T10:20:17","date_gmt":"2025-07-14T10:20:17","guid":{"rendered":"https:\/\/kobra.kurergrafisk.no\/?page_id=356"},"modified":"2025-09-19T10:08:52","modified_gmt":"2025-09-19T10:08:52","slug":"styret","status":"publish","type":"page","link":"https:\/\/kobra.kurergrafisk.no\/en\/om-oss\/styret\/","title":{"rendered":"Board of directors"},"content":{"rendered":"<div data-elementor-type=\"wp-page\" data-elementor-id=\"356\" class=\"elementor elementor-356\" data-elementor-post-type=\"page\">\n\t\t\t\t<div class=\"elementor-element elementor-element-41add0c e-flex e-con-boxed e-con e-parent\" data-id=\"41add0c\" data-element_type=\"container\">\n\t\t\t\t\t<div class=\"e-con-inner\">\n\t\t<div class=\"elementor-element elementor-element-0a2ec8d e-con-full e-flex e-con e-child\" data-id=\"0a2ec8d\" data-element_type=\"container\">\n\t\t\t\t<div class=\"elementor-element elementor-element-deec8b9 elementor-position-top elementor-widget elementor-widget-image-box\" data-id=\"deec8b9\" data-element_type=\"widget\" data-widget_type=\"image-box.default\">\n\t\t\t\t<div class=\"elementor-widget-container\">\n\t\t\t\t\t<div class=\"elementor-image-box-wrapper\"><figure class=\"elementor-image-box-img\"><img fetchpriority=\"high\" decoding=\"async\" width=\"616\" height=\"464\" src=\"https:\/\/kobra.kurergrafisk.no\/wp-content\/uploads\/2025\/09\/anne-haug.jpg.jpg\" class=\"attachment-full size-full wp-image-1155\" alt=\"\" srcset=\"https:\/\/kobra.kurergrafisk.no\/wp-content\/uploads\/2025\/09\/anne-haug.jpg.jpg 616w, https:\/\/kobra.kurergrafisk.no\/wp-content\/uploads\/2025\/09\/anne-haug.jpg-300x226.jpg 300w, https:\/\/kobra.kurergrafisk.no\/wp-content\/uploads\/2025\/09\/anne-haug.jpg-16x12.jpg 16w, https:\/\/kobra.kurergrafisk.no\/wp-content\/uploads\/2025\/09\/anne-haug.jpg-600x452.jpg 600w\" sizes=\"(max-width: 616px) 100vw, 616px\" \/><\/figure><div class=\"elementor-image-box-content\"><h3 class=\"elementor-image-box-title\">Anne Haug<\/h3><p class=\"elementor-image-box-description\">Leader<\/p><\/div><\/div>\t\t\t\t<\/div>\n\t\t\t\t<\/div>\n\t\t\t\t<\/div>\n\t\t<div class=\"elementor-element elementor-element-e95bb74 e-con-full e-flex e-con e-child\" data-id=\"e95bb74\" data-element_type=\"container\">\n\t\t\t\t<div class=\"elementor-element elementor-element-923f667 elementor-position-top elementor-widget elementor-widget-image-box\" data-id=\"923f667\" data-element_type=\"widget\" data-widget_type=\"image-box.default\">\n\t\t\t\t<div class=\"elementor-widget-container\">\n\t\t\t\t\t<div class=\"elementor-image-box-wrapper\"><figure class=\"elementor-image-box-img\"><img decoding=\"async\" width=\"616\" height=\"464\" src=\"https:\/\/kobra.kurergrafisk.no\/wp-content\/uploads\/2025\/09\/tore-eig.jpg.jpg\" class=\"attachment-full size-full wp-image-1154\" alt=\"\" srcset=\"https:\/\/kobra.kurergrafisk.no\/wp-content\/uploads\/2025\/09\/tore-eig.jpg.jpg 616w, https:\/\/kobra.kurergrafisk.no\/wp-content\/uploads\/2025\/09\/tore-eig.jpg-300x226.jpg 300w, https:\/\/kobra.kurergrafisk.no\/wp-content\/uploads\/2025\/09\/tore-eig.jpg-16x12.jpg 16w, https:\/\/kobra.kurergrafisk.no\/wp-content\/uploads\/2025\/09\/tore-eig.jpg-600x452.jpg 600w\" sizes=\"(max-width: 616px) 100vw, 616px\" \/><\/figure><div class=\"elementor-image-box-content\"><h3 class=\"elementor-image-box-title\">Tore Eig<\/h3><p class=\"elementor-image-box-description\">Second leader<\/p><\/div><\/div>\t\t\t\t<\/div>\n\t\t\t\t<\/div>\n\t\t\t\t<\/div>\n\t\t<div class=\"elementor-element elementor-element-db14b07 e-con-full e-flex e-con e-child\" data-id=\"db14b07\" data-element_type=\"container\">\n\t\t\t\t<div class=\"elementor-element elementor-element-c0aadb9 elementor-position-top elementor-widget elementor-widget-image-box\" data-id=\"c0aadb9\" data-element_type=\"widget\" data-widget_type=\"image-box.default\">\n\t\t\t\t<div class=\"elementor-widget-container\">\n\t\t\t\t\t<div class=\"elementor-image-box-wrapper\"><figure class=\"elementor-image-box-img\"><img decoding=\"async\" width=\"616\" height=\"464\" src=\"https:\/\/kobra.kurergrafisk.no\/wp-content\/uploads\/2025\/09\/maja.jpg.jpg\" class=\"attachment-full size-full wp-image-1157\" alt=\"\" srcset=\"https:\/\/kobra.kurergrafisk.no\/wp-content\/uploads\/2025\/09\/maja.jpg.jpg 616w, https:\/\/kobra.kurergrafisk.no\/wp-content\/uploads\/2025\/09\/maja.jpg-300x226.jpg 300w, https:\/\/kobra.kurergrafisk.no\/wp-content\/uploads\/2025\/09\/maja.jpg-16x12.jpg 16w, https:\/\/kobra.kurergrafisk.no\/wp-content\/uploads\/2025\/09\/maja.jpg-600x452.jpg 600w\" sizes=\"(max-width: 616px) 100vw, 616px\" \/><\/figure><div class=\"elementor-image-box-content\"><h3 class=\"elementor-image-box-title\">Maja Pettersen Kvinge <\/h3><p class=\"elementor-image-box-description\">Board member<\/p><\/div><\/div>\t\t\t\t<\/div>\n\t\t\t\t<\/div>\n\t\t\t\t<\/div>\n\t\t\t\t\t<\/div>\n\t\t\t\t<\/div>\n\t\t<div class=\"elementor-element elementor-element-1068027 e-flex e-con-boxed e-con e-parent\" data-id=\"1068027\" data-element_type=\"container\">\n\t\t\t\t\t<div class=\"e-con-inner\">\n\t\t<div class=\"elementor-element elementor-element-0d082e6 e-con-full e-flex e-con e-child\" data-id=\"0d082e6\" data-element_type=\"container\">\n\t\t\t\t<div class=\"elementor-element elementor-element-f816b2e elementor-position-top elementor-widget elementor-widget-image-box\" data-id=\"f816b2e\" data-element_type=\"widget\" data-widget_type=\"image-box.default\">\n\t\t\t\t<div class=\"elementor-widget-container\">\n\t\t\t\t\t<div class=\"elementor-image-box-wrapper\"><figure class=\"elementor-image-box-img\"><img loading=\"lazy\" decoding=\"async\" width=\"616\" height=\"464\" src=\"https:\/\/kobra.kurergrafisk.no\/wp-content\/uploads\/2025\/09\/Artboard-3.jpg\" class=\"attachment-full size-full wp-image-1170\" alt=\"\" srcset=\"https:\/\/kobra.kurergrafisk.no\/wp-content\/uploads\/2025\/09\/Artboard-3.jpg 616w, https:\/\/kobra.kurergrafisk.no\/wp-content\/uploads\/2025\/09\/Artboard-3-300x226.jpg 300w, https:\/\/kobra.kurergrafisk.no\/wp-content\/uploads\/2025\/09\/Artboard-3-16x12.jpg 16w, https:\/\/kobra.kurergrafisk.no\/wp-content\/uploads\/2025\/09\/Artboard-3-600x452.jpg 600w\" sizes=\"(max-width: 616px) 100vw, 616px\" \/><\/figure><div class=\"elementor-image-box-content\"><h3 class=\"elementor-image-box-title\">Per Magnus Olsen <\/h3><p class=\"elementor-image-box-description\">Board member<\/p><\/div><\/div>\t\t\t\t<\/div>\n\t\t\t\t<\/div>\n\t\t\t\t<\/div>\n\t\t<div class=\"elementor-element elementor-element-981dd8d e-con-full e-flex e-con e-child\" data-id=\"981dd8d\" data-element_type=\"container\">\n\t\t\t\t<div class=\"elementor-element elementor-element-a6fb898 elementor-position-top elementor-widget elementor-widget-image-box\" data-id=\"a6fb898\" data-element_type=\"widget\" data-widget_type=\"image-box.default\">\n\t\t\t\t<div class=\"elementor-widget-container\">\n\t\t\t\t\t<div class=\"elementor-image-box-wrapper\"><figure class=\"elementor-image-box-img\"><img loading=\"lazy\" decoding=\"async\" width=\"616\" height=\"464\" src=\"https:\/\/kobra.kurergrafisk.no\/wp-content\/uploads\/2025\/09\/bjorn-haugen.jpg.jpg\" class=\"attachment-full size-full wp-image-1156\" alt=\"\" srcset=\"https:\/\/kobra.kurergrafisk.no\/wp-content\/uploads\/2025\/09\/bjorn-haugen.jpg.jpg 616w, https:\/\/kobra.kurergrafisk.no\/wp-content\/uploads\/2025\/09\/bjorn-haugen.jpg-300x226.jpg 300w, https:\/\/kobra.kurergrafisk.no\/wp-content\/uploads\/2025\/09\/bjorn-haugen.jpg-16x12.jpg 16w, https:\/\/kobra.kurergrafisk.no\/wp-content\/uploads\/2025\/09\/bjorn-haugen.jpg-600x452.jpg 600w\" sizes=\"(max-width: 616px) 100vw, 616px\" \/><\/figure><div class=\"elementor-image-box-content\"><h3 class=\"elementor-image-box-title\">Bj\u00f8rn Haugen <\/h3><p class=\"elementor-image-box-description\">Board member<\/p><\/div><\/div>\t\t\t\t<\/div>\n\t\t\t\t<\/div>\n\t\t\t\t<\/div>\n\t\t<div class=\"elementor-element elementor-element-b1e4111 e-con-full e-flex e-con e-child\" data-id=\"b1e4111\" data-element_type=\"container\">\n\t\t\t\t<div class=\"elementor-element elementor-element-d71e918 elementor-position-top elementor-widget elementor-widget-image-box\" data-id=\"d71e918\" data-element_type=\"widget\" data-widget_type=\"image-box.default\">\n\t\t\t\t<div class=\"elementor-widget-container\">\n\t\t\t\t\t<div class=\"elementor-image-box-wrapper\"><figure class=\"elementor-image-box-img\"><img decoding=\"async\" src=\"https:\/\/kobra.kurergrafisk.no\/wp-content\/plugins\/elementor\/assets\/images\/placeholder.png\" title=\"\" alt=\"\" loading=\"lazy\" \/><\/figure><div class=\"elementor-image-box-content\"><h3 class=\"elementor-image-box-title\">Anne Mari Nytr\u00f8en <\/h3><p class=\"elementor-image-box-description\">Board member<\/p><\/div><\/div>\t\t\t\t<\/div>\n\t\t\t\t<\/div>\n\t\t\t\t<\/div>\n\t\t\t\t\t<\/div>\n\t\t\t\t<\/div>\n\t\t<div class=\"elementor-element elementor-element-95937a6 e-flex e-con-boxed e-con e-parent\" data-id=\"95937a6\" data-element_type=\"container\">\n\t\t\t\t\t<div class=\"e-con-inner\">\n\t\t\t\t<div class=\"elementor-element elementor-element-320b455 elementor-widget-divider--view-line elementor-widget elementor-widget-divider\" data-id=\"320b455\" data-element_type=\"widget\" data-widget_type=\"divider.default\">\n\t\t\t\t<div class=\"elementor-widget-container\">\n\t\t\t\t\t\t\t<div class=\"elementor-divider\">\n\t\t\t<span class=\"elementor-divider-separator\">\n\t\t\t\t\t\t<\/span>\n\t\t<\/div>\n\t\t\t\t\t\t<\/div>\n\t\t\t\t<\/div>\n\t\t\t\t<div class=\"elementor-element elementor-element-4830ce8 elementor-widget elementor-widget-text-editor\" data-id=\"4830ce8\" data-element_type=\"widget\" data-widget_type=\"text-editor.default\">\n\t\t\t\t<div class=\"elementor-widget-container\">\n\t\t\t\t\t\t\t\t\t<p><strong>Sports committee<\/strong><\/p><ul><li>Tore Eig<\/li><li>Maja Pettersen Kvinge<\/li><li>Kristoffer Nilsen<\/li><\/ul><p>\u00a0<\/p><p><strong>Hall Committee<\/strong><\/p><ul><li>Anne Mari Nytr\u00f8en<\/li><li>Per Magnus Olsen<\/li><\/ul><p>\u00a0<\/p><p><strong>Recruitment committee<\/strong><\/p><ul><li>Board + head coach<\/li><\/ul><p>\u00a0<\/p><p><strong>Financial committee<\/strong><\/p><ul><li>Per Magnus Olsen<\/li><li>Bj\u00f8rn Haugen<\/li><\/ul>\t\t\t\t\t\t\t\t<\/div>\n\t\t\t\t<\/div>\n\t\t\t\t\t<\/div>\n\t\t\t\t<\/div>\n\t\t\t\t<\/div>","protected":false},"excerpt":{"rendered":"<p>Anne Haug Leder Tore Eig Nestleder Maja Pettersen Kvinge Styremedlem Per Magnus Olsen Styremedlem Bj\u00f8rn Haugen Styremedlem Anne Mari Nytr\u00f8en Styremedlem Sportslig komit\u00e8 Tore Eig Maja Pettersen Kvinge Kristoffer Nilsen \u00a0 Hallkomit\u00e8 Anne Mari Nytr\u00f8en Per Magnus Olsen \u00a0 Rekrutteringskomit\u00e8 Styret + hovedtrener \u00a0 \u00d8konomisk komit\u00e8 Per Magnus Olsen Bj\u00f8rn Haugen<\/p>","protected":false},"author":1,"featured_media":0,"parent":987,"menu_order":0,"comment_status":"closed","ping_status":"closed","template":"","meta":{"_acf_changed":false,"_mc_calendar":[],"footnotes":""},"class_list":["post-356","page","type-page","status-publish","hentry"],"acf":[],"_links":{"self":[{"href":"https:\/\/kobra.kurergrafisk.no\/en\/wp-json\/wp\/v2\/pages\/356","targetHints":{"allow":["GET"]}}],"collection":[{"href":"https:\/\/kobra.kurergrafisk.no\/en\/wp-json\/wp\/v2\/pages"}],"about":[{"href":"https:\/\/kobra.kurergrafisk.no\/en\/wp-json\/wp\/v2\/types\/page"}],"author":[{"embeddable":true,"href":"https:\/\/kobra.kurergrafisk.no\/en\/wp-json\/wp\/v2\/users\/1"}],"replies":[{"embeddable":true,"href":"https:\/\/kobra.kurergrafisk.no\/en\/wp-json\/wp\/v2\/comments?post=356"}],"version-history":[{"count":13,"href":"https:\/\/kobra.kurergrafisk.no\/en\/wp-json\/wp\/v2\/pages\/356\/revisions"}],"predecessor-version":[{"id":1173,"href":"https:\/\/kobra.kurergrafisk.no\/en\/wp-json\/wp\/v2\/pages\/356\/revisions\/1173"}],"up":[{"embeddable":true,"href":"https:\/\/kobra.kurergrafisk.no\/en\/wp-json\/wp\/v2\/pages\/987"}],"wp:attachment":[{"href":"https:\/\/kobra.kurergrafisk.no\/en\/wp-json\/wp\/v2\/media?parent=356"}],"curies":[{"name":"wp","href":"https:\/\/api.w.org\/{rel}","templated":true}]}}