{"id":359,"date":"2025-07-14T10:23:10","date_gmt":"2025-07-14T10:23:10","guid":{"rendered":"https:\/\/kobra.kurergrafisk.no\/?page_id=359"},"modified":"2025-09-19T08:49:44","modified_gmt":"2025-09-19T08:49:44","slug":"barneidrettsforsikring","status":"publish","type":"page","link":"https:\/\/kobra.kurergrafisk.no\/en\/om-bordtennis\/barneidrettsforsikring\/","title":{"rendered":"Children's sports insurance"},"content":{"rendered":"<p><strong>Alle barn som er medlem av lag tilsluttet Norges idrettsforbund og olympiske og paralympiske komit\u00e9 (NIF) eller som deltar i organisert aktivitet i klubbens\/lagets regi er forsikret gjennom Gjensidige barneidrettsforsikring.<\/strong><\/p>\n\n\n\n<p><strong>Forsikringen omfatter barn til den dato de fyller 13 \u00e5r.<\/strong><\/p>\n\n\n\n<p>Forsikringspremien betales av NIF.<\/p>\n\n\n\n<p><a href=\"https:\/\/www.idrettsforbundet.no\/contentassets\/072cea25fc5541689375c95606853b74\/norges-idrettsforbund-barneidrett-2025.pdf\" target=\"_blank\" rel=\"noreferrer noopener\">Forsikringsbevis og vilk\u00e5r 01.01.2025-31.12.2025<\/a><\/p>\n\n\n\n<p><strong>Hvem forsikringen gjelder:<\/strong><\/p>\n\n\n\n<ol style=\"list-style-type:lower-alpha\" class=\"wp-block-list\">\n<li>Medlemmer av lag tilsluttet NIF<\/li>\n\n\n\n<li>Deltakere p\u00e5 idrettsskoler godkjent av NIF<\/li>\n\n\n\n<li>Barn som ikke er medlem av lag\/klubb som deltar i organisert aktivitet i klubbens\/lagets regi.<\/li>\n\n\n\n<li>Barn med nedsatt funksjonsevne omfattes ogs\u00e5 av forsikringen<\/li>\n\n\n\n<li>Flyktninger\/asyls\u00f8kere omfattes av dekningen for behandlingsutgifter, selv om de ikke er medlem av norsk folketrygd<\/li>\n\n\n\n<li>Trenere, ledere og oppnevnte dommere som bist\u00e5r ved organisert aktivitet for barn under 13 \u00e5r.<\/li>\n\n\n\n<li> Forsikringen gjelder i hele verden<\/li>\n<\/ol>\n\n\n\n<p><\/p>\n\n\n\n<p><strong>Hva forsikringen gjelder:<\/strong><\/p>\n\n\n\n<ol style=\"list-style-type:lower-alpha\" class=\"wp-block-list\">\n<li>Idrettsskade er skade p\u00e5 legemet som oppst\u00e5r plutselig og uforutsett og som inntreffer i forsikringstiden i forbindelse med organisert idrettsut\u00f8velse.<\/li>\n\n\n\n<li>Ulykkesskade er skade p\u00e5 legemet for\u00e5rsaket ved en plutselig ytre fysisk begivenhet &#8211; ulykkestilfelle &#8211; som inntreffer i forsikringstiden ved reise og opphold i forbindelse med organisert idrettsut\u00f8velse.<\/li>\n<\/ol>\n\n\n\n<p><\/p>\n\n\n\n<p><strong>Hvor\/n\u00e5r forsikringen gjelder:<\/strong><br>Forsikringen gjelder under organisert idrettsut\u00f8velse av den idrett som forsikringsavtalen omfatter, samt under trenings\u00f8velser som naturlig h\u00f8rer sammen med denne i regi av klubben.<\/p>\n\n\n\n<p><\/p>\n\n\n\n<p><strong>Hvordan melde ifra om en idrettsskade?<\/strong><br>Alle skader m\u00e5 meldes elektronisk.&nbsp;<a href=\"https:\/\/www.gjensidige.no\/privat\/meld-skade\/idrettsforsikring\"><strong>Meld skade her.<\/strong><\/a><\/p>\n\n\n\n<p><\/p>\n\n\n\n<p><strong>Idrettens skadetelefon:<br><\/strong>All diagnostisering og behandling utover akuttbehandling skal bestilles av&nbsp;<a href=\"https:\/\/www.idrettshelse.no\/page\/om-skadetelefonen\">Idrettens skadetelefon<\/a>, uten dette bortfaller retten til erstatning.<\/p>\n\n\n\n<p><a href=\"https:\/\/www.gjensidige.no\/privat\/meld-skade\/barneidrettsforsikring\">Les mer om Gjensidige barneidrettsforsikring.<\/a><\/p>\n\n\n\n<p><\/p>","protected":false},"excerpt":{"rendered":"<p>Alle barn som er medlem av lag tilsluttet Norges idrettsforbund og olympiske og paralympiske komit\u00e9 (NIF) eller som deltar i organisert aktivitet i klubbens\/lagets regi er forsikret gjennom Gjensidige barneidrettsforsikring. Forsikringen omfatter barn til den dato de fyller 13 \u00e5r. Forsikringspremien betales av NIF. Forsikringsbevis og vilk\u00e5r 01.01.2025-31.12.2025 Hvem forsikringen gjelder: Hva forsikringen gjelder: Hvor\/n\u00e5r [&hellip;]<\/p>","protected":false},"author":1,"featured_media":0,"parent":392,"menu_order":0,"comment_status":"closed","ping_status":"closed","template":"","meta":{"_acf_changed":false,"_mc_calendar":[],"footnotes":""},"class_list":["post-359","page","type-page","status-publish","hentry"],"acf":[],"_links":{"self":[{"href":"https:\/\/kobra.kurergrafisk.no\/en\/wp-json\/wp\/v2\/pages\/359","targetHints":{"allow":["GET"]}}],"collection":[{"href":"https:\/\/kobra.kurergrafisk.no\/en\/wp-json\/wp\/v2\/pages"}],"about":[{"href":"https:\/\/kobra.kurergrafisk.no\/en\/wp-json\/wp\/v2\/types\/page"}],"author":[{"embeddable":true,"href":"https:\/\/kobra.kurergrafisk.no\/en\/wp-json\/wp\/v2\/users\/1"}],"replies":[{"embeddable":true,"href":"https:\/\/kobra.kurergrafisk.no\/en\/wp-json\/wp\/v2\/comments?post=359"}],"version-history":[{"count":5,"href":"https:\/\/kobra.kurergrafisk.no\/en\/wp-json\/wp\/v2\/pages\/359\/revisions"}],"predecessor-version":[{"id":372,"href":"https:\/\/kobra.kurergrafisk.no\/en\/wp-json\/wp\/v2\/pages\/359\/revisions\/372"}],"up":[{"embeddable":true,"href":"https:\/\/kobra.kurergrafisk.no\/en\/wp-json\/wp\/v2\/pages\/392"}],"wp:attachment":[{"href":"https:\/\/kobra.kurergrafisk.no\/en\/wp-json\/wp\/v2\/media?parent=359"}],"curies":[{"name":"wp","href":"https:\/\/api.w.org\/{rel}","templated":true}]}}