{"id":386,"date":"2025-07-14T12:37:58","date_gmt":"2025-07-14T12:37:58","guid":{"rendered":"https:\/\/kobra.kurergrafisk.no\/?page_id=386"},"modified":"2025-09-19T08:50:14","modified_gmt":"2025-09-19T08:50:14","slug":"lovnorm-for-idrettslag","status":"publish","type":"page","link":"https:\/\/kobra.kurergrafisk.no\/en\/om-bordtennis\/lovnorm-for-idrettslag\/","title":{"rendered":"Legal norm for sports clubs"},"content":{"rendered":"<p>Vedtatt av Idrettsstyret 131223 med ikrafttredelse 010124.<\/p>\n\n\n\n<p><strong>LOV FOR KOBRA BORDTENNISKLUBB<\/strong><\/p>\n\n\n\n<p>Stiftelsesdato 07.07.1980<\/p>\n\n\n\n<p>Sist endret 02.07.2025<\/p>\n\n\n\n<p><strong>\u00a7 1&nbsp;&nbsp;&nbsp;&nbsp;&nbsp;&nbsp; Form\u00e5l<\/strong><\/p>\n\n\n\n<p>Idrettslagets form\u00e5l er \u00e5 drive idrett organisert i Norges idrettsforbund og olympiske og<\/p>\n\n\n\n<p>paralympiske komit\u00e9 (NIF). Arbeidet skal preges av frivillighet, demokrati, lojalitet og likeverd. All idrettslig aktivitet skal bygge p\u00e5 de verdier som er vedtatt av Idrettstinget.<\/p>\n\n\n\n<p><strong>\u00a7 2 &nbsp;&nbsp;&nbsp;&nbsp;&nbsp;&nbsp;Organisasjon<\/strong><\/p>\n\n\n\n<p>(1) &nbsp;&nbsp;&nbsp;&nbsp;&nbsp;&nbsp; Idrettslaget er selveiende og frittst\u00e5ende med utelukkende personlige medlemmer<\/p>\n\n\n\n<p>(2) &nbsp;&nbsp;&nbsp;&nbsp;&nbsp;&nbsp; Idrettslaget er medlem av Norges Bordtennisforbund. &nbsp;For regler om idrettslagets plikt til \u00e5 v\u00e6re medlem av et s\u00e6rforbund, gjelder <a href=\"https:\/\/www.idrettsforbundet.no\/tema\/juss\/nifs-lov\/kapittel-10-idrettslag\/#%C2%A710-1\">&nbsp;NIFs lov \u00a7 10-1 (4)<\/a>.<\/p>\n\n\n\n<p>(3)&nbsp;&nbsp;&nbsp;&nbsp;&nbsp;&nbsp;&nbsp; Idrettslaget er medlem av NIF og dermed tilsluttet Innlandet Idrettskrets og Kongsvinger Idrettsr\u00e5d.<\/p>\n\n\n\n<p>(4)&nbsp;&nbsp;&nbsp;&nbsp;&nbsp;&nbsp;&nbsp; For regler om representasjonsrett, gjelder<a href=\"https:\/\/www.idrettsforbundet.no\/tema\/juss\/nifs-lov\/kapittel-10-idrettslag\/#%C2%A710-3\"> NIFs lov \u00a7 10-3 (1)<\/a>.<\/p>\n\n\n\n<p>(5) &nbsp;&nbsp;&nbsp;&nbsp;&nbsp;&nbsp; For regler om idrettslagets plikt til \u00e5 overholde overordnede organisasjonsledds regelverk og vedtak, gjelder <a href=\"https:\/\/www.idrettsforbundet.no\/tema\/juss\/nifs-lov\/kapittel-2-felles-bestemmelser-for-hele-organisasjonen\/#%C2%A72-2\">NIFs lov \u00a7\u00a7 2-2<\/a> and <a href=\"https:\/\/www.idrettsforbundet.no\/tema\/juss\/nifs-lov\/kapittel-2-felles-bestemmelser-for-hele-organisasjonen\/#%C2%A72-3\">2-3<\/a>.<\/p>\n\n\n\n<p><strong>\u00a7 3 &nbsp;&nbsp;&nbsp;&nbsp;&nbsp;&nbsp;Medlemmer<\/strong><\/p>\n\n\n\n<ul class=\"wp-block-list\">\n<li>For regler om opptak av medlemmer, utmelding, fratakelse av medlemskap mv., gjelder <a href=\"https:\/\/www.idrettsforbundet.no\/tema\/juss\/nifs-lov\/kapittel-10-idrettslag\/#%C2%A710-4\">NIFs lov \u00a7\u00a7 10-4<\/a> and <a href=\"https:\/\/www.idrettsforbundet.no\/tema\/juss\/nifs-lov\/kapittel-10-idrettslag\/#%C2%A710-6\">10-6<\/a>.<\/li>\n<\/ul>\n\n\n\n<ul class=\"wp-block-list\">\n<li>For idrettslagets plikt til \u00e5 registrere opplysninger i idrettens medlems- og organisasjonsregister, gjelder \u00a0<a href=\"https:\/\/www.idrettsforbundet.no\/tema\/juss\/regelverk\/forskrift-om-idrettens-medlems--og-organisasjonsregister\/\">forskrift om idrettens medlems- og organisasjonsregister<\/a>, jf. <a href=\"https:\/\/www.idrettsforbundet.no\/tema\/juss\/nifs-lov\/kapittel-10-idrettslag\/#%C2%A710-5\">NIFs lov \u00a7 10-5<\/a>.<\/li>\n<\/ul>\n\n\n\n<p><strong>\u00a7 4&nbsp;&nbsp;&nbsp;&nbsp;&nbsp;&nbsp; Kj\u00f8nnsfordeling<\/strong><\/p>\n\n\n\n<p>For regler om kj\u00f8nnsfordeling i styre, utvalg mv. og ved representasjon til \u00e5rsm\u00f8te\/ting i<\/p>\n\n\n\n<p>overordnet organisasjonsledd, gjelder <a href=\"https:\/\/www.idrettsforbundet.no\/tema\/juss\/nifs-lov\/kapittel-2-felles-bestemmelser-for-hele-organisasjonen\/#%C2%A72-4\">NIFs lov \u00a7 2-4<\/a>. For idrettslag med omsetning og medlemstall under terskel fastsatt av Idrettsstyret er det tilstrekkelig at begge kj\u00f8nn er representert i styrer, utvalg mv. og ved representasjon til \u00e5rsm\u00f8ter\/ting i overordnet organisasjonsledd.<\/p>\n\n\n\n<p><strong>\u00a7 5 &nbsp;&nbsp;&nbsp;&nbsp;&nbsp;&nbsp;Regler om stemmerett, valgbarhet, forslagsrett mv.<\/strong><\/p>\n\n\n\n<p>For regler om stemmerett, valgbarhet og forslagsrett, gjelder <a href=\"https:\/\/www.idrettsforbundet.no\/tema\/juss\/nifs-lov\/kapittel-2-felles-bestemmelser-for-hele-organisasjonen\/#%C2%A7%202-5\">NIFs lov \u00a7\u00a7 2-5<\/a>, <a href=\"https:\/\/www.idrettsforbundet.no\/tema\/juss\/nifs-lov\/kapittel-2-felles-bestemmelser-for-hele-organisasjonen\/#%C2%A72-6\">2-6<\/a> and <a href=\"https:\/\/www.idrettsforbundet.no\/tema\/juss\/nifs-lov\/kapittel-2-felles-bestemmelser-for-hele-organisasjonen\/#%C2%A72-7\">2-7<\/a>.<\/p>\n\n\n\n<p><strong>\u00a7 6&nbsp;&nbsp;&nbsp;&nbsp;&nbsp;&nbsp; Inhabilitet<\/strong><\/p>\n\n\n\n<p>For regler om inhabilitet, gjelder <a href=\"https:\/\/www.idrettsforbundet.no\/tema\/juss\/nifs-lov\/kapittel-2-felles-bestemmelser-for-hele-organisasjonen\/#%C2%A72-8\">NIFs lov \u00a7 2-8<\/a>.&nbsp;<\/p>\n\n\n\n<p><strong>\u00a7 7&nbsp;&nbsp;&nbsp;&nbsp;&nbsp; &nbsp;Vedtaksf\u00f8rhet, flertallskrav og protokoll<\/strong><\/p>\n\n\n\n<p>For regler om vedtaksf\u00f8rhet, flertallskrav og protokoll, gjelder <a href=\"https:\/\/www.idrettsforbundet.no\/tema\/juss\/nifs-lov\/kapittel-2-felles-bestemmelser-for-hele-organisasjonen\/#%C2%A72-9\">NIFs lov \u00a7 2-9<\/a>.<\/p>\n\n\n\n<p><strong>\u00a7 8&nbsp;&nbsp;&nbsp; &nbsp;&nbsp; Refusjon av utgifter og godtgj\u00f8relse<\/strong><\/p>\n\n\n\n<p>For regler om refusjon av utgifter og godtgj\u00f8relse, gjelder <a href=\"https:\/\/www.idrettsforbundet.no\/tema\/juss\/nifs-lov\/kapittel-2-felles-bestemmelser-for-hele-organisasjonen\/#%C2%A72-10\">NIFs lov \u00a7 2-10<\/a>.<\/p>\n\n\n\n<p><strong>\u00a7 9 &nbsp;&nbsp;&nbsp;&nbsp;&nbsp; Regnskap og revisjon mv.<\/strong><\/p>\n\n\n\n<p>For regler om regnskap og revisjon mv., gjelder <a href=\"https:\/\/www.idrettsforbundet.no\/tema\/juss\/nifs-lov\/kapittel-1-innledende-bestemmelser\/#%C2%A71-7\">NIFs lov \u00a7\u00a7 1-7<\/a>, <a href=\"https:\/\/www.idrettsforbundet.no\/tema\/juss\/nifs-lov\/kapittel-2-felles-bestemmelser-for-hele-organisasjonen\/#%C2%A72-11\">2-11<\/a>, <a href=\"https:\/\/www.idrettsforbundet.no\/tema\/juss\/nifs-lov\/kapittel-2-felles-bestemmelser-for-hele-organisasjonen\/#%C2%A72-13\">2-13<\/a> and <a href=\"https:\/\/www.idrettsforbundet.no\/tema\/juss\/nifs-lov\/kapittel-2-felles-bestemmelser-for-hele-organisasjonen\/#%C2%A72-14\">2-14<\/a>.<\/p>\n\n\n\n<p>For idrettslag med omsetning og medlemstall under terskel fastsatt av Idrettsstyret, er det<\/p>\n\n\n\n<p>ikke krav om underslagsforsikring.<\/p>\n\n\n\n<p><strong>\u00a7 10 &nbsp;&nbsp;&nbsp;&nbsp;\u00c5rsm\u00f8tet og \u00e5rsm\u00f8tevalgte organer<\/strong><\/p>\n\n\n\n<ul class=\"wp-block-list\">\n<li>\u00c5rsm\u00f8tet er idrettslagets h\u00f8yeste myndighet, som avholdes hvert \u00e5r innen utgangen av mars m\u00e5ned.<\/li>\n<\/ul>\n\n\n\n<ul class=\"wp-block-list\">\n<li>Ordin\u00e6rt og ekstraordin\u00e6rt \u00e5rsm\u00f8te gjennomf\u00f8res i samsvar med denne lov og <a href=\"https:\/\/www.idrettsforbundet.no\/tema\/juss\/nifs-lov\/kapittel-2-felles-bestemmelser-for-hele-organisasjonen\/#%C2%A72-15\">NIFs lov \u00a7\u00a7 2-15<\/a>, <a href=\"https:\/\/www.idrettsforbundet.no\/tema\/juss\/nifs-lov\/kapittel-2-felles-bestemmelser-for-hele-organisasjonen\/#%C2%A72-16\">2-16<\/a>, <a href=\"https:\/\/www.idrettsforbundet.no\/tema\/juss\/nifs-lov\/kapittel-2-felles-bestemmelser-for-hele-organisasjonen\/#%C2%A72-17\">2-17<\/a>, <a href=\"https:\/\/www.idrettsforbundet.no\/tema\/juss\/nifs-lov\/kapittel-2-felles-bestemmelser-for-hele-organisasjonen\/#%C2%A72-19\">2-19<\/a>, <a href=\"https:\/\/www.idrettsforbundet.no\/tema\/juss\/nifs-lov\/kapittel-2-felles-bestemmelser-for-hele-organisasjonen\/#%C2%A72-20\">2-20<\/a>. \u00a0<\/li>\n<\/ul>\n\n\n\n<ul class=\"wp-block-list\">\n<li>\u00c5rsm\u00f8tets oppgaver:<\/li>\n<\/ul>\n\n\n\n<ol class=\"wp-block-list\">\n<li>Godkjenne de stemmeberettigede medlemmene<\/li>\n\n\n\n<li>Velge dirigent(er)<\/li>\n\n\n\n<li>Velge protokollf\u00f8rer(e)<\/li>\n\n\n\n<li>Velge to medlemmer til \u00e5 underskrive protokollen<\/li>\n\n\n\n<li>Godkjenne forretningsorden<\/li>\n\n\n\n<li>Godkjenne innkallingen<\/li>\n\n\n\n<li>Godkjenne saklisten\u00a0\u00a0\u00a0\u00a0\u00a0\u00a0\u00a0<\/li>\n\n\n\n<li>Behandle idrettslagets \u00e5rsberetning<\/li>\n\n\n\n<li>Behandle<ol><li>idrettslagets regnskap<\/li><\/ol><ol><li>styrets \u00f8konomiske beretning<\/li><\/ol><ol><li>ev. beretning fra kontrollutvalget<\/li><\/ol>\n<ol class=\"wp-block-list\">\n<li>ev. beretning fra engasjert revisor<\/li>\n<\/ol>\n<\/li>\n\n\n\n<li>Behandle \u00f8vrige saker som fremg\u00e5r av godkjent sakliste\u00a0\u00a0\u00a0\u00a0\u00a0\u00a0\u00a0\u00a0\u00a0\u00a0\u00a0\u00a0\u00a0\u00a0<\/li>\n\n\n\n<li>Fastsette<ol><li>medlemskontingent p\u00e5 minst kr 50<\/li><\/ol>\n<ol class=\"wp-block-list\">\n<li>eventuell treningsavgift, eller gi styret fullmakt til \u00e5 fastsette treningsavgifter<\/li>\n<\/ol>\n<\/li>\n\n\n\n<li>Vedta idrettslagets budsjett<\/li>\n\n\n\n<li>Behandle idrettslagets organisasjonsplan<\/li>\n<\/ol>\n\n\n\n<p>14. Dersom idrettslaget har omsetning og medlemstall over terskel fastsatt av Idrettsstyret, velge:<\/p>\n\n\n\n<ol style=\"list-style-type:lower-alpha\" class=\"wp-block-list\">\n<li>Styre med leder, nestleder og [antall, minst ett] styremedlem[mer] [og [antall]] varamedlem[mer]<ol><li>Kontrollutvalg med leder og [antall, minst ett] medlem[mer] [og [antall] varamedlem[mer]]<\/li><\/ol><ol><li>Representanter til ting og m\u00f8ter i de organisasjonsledd idrettslaget har representasjonsrett eller gi styret fullmakt til \u00e5 oppnevne representantene<\/li><\/ol><ol><li>Valgkomit\u00e9 med leder, og [antall, minst ett] medlem[mer] og [antall, minst ett] varamedlem[mer]<\/li><\/ol>\n<ol class=\"wp-block-list\">\n<li>Eventuelt \u00f8vrige valg i henhold til idrettslagets organisasjonsplan<\/li>\n<\/ol>\n<\/li>\n<\/ol>\n\n\n\n<p>Dersom idrettslaget har omsetning og medlemstall under terskel fastsatt av Idrettsstyret, velge:<\/p>\n\n\n\n<ol style=\"list-style-type:lower-alpha\" class=\"wp-block-list\">\n<li>Styre med leder, nestleder og [antall, minst ett] styremedlem[mer] [og ev. [antall] varamedlem[mer]<\/li>\n\n\n\n<li>Representanter til ting og m\u00f8ter i de organisasjonsledd idrettslaget har representasjonsrett eller gi styret fullmakt til \u00e5 oppnevne representantene<\/li>\n\n\n\n<li>Eventuelt \u00f8vrige valg i henhold til idrettslagets organisasjonsplan<\/li>\n<\/ol>\n\n\n\n<p>15. Ev. beslutte om det skal engasjeres revisor til \u00e5 revidere idrettslagets regnskap.<\/p>\n\n\n\n<p>Ledere og nestledere velges enkeltvis. \u00d8vrige medlemmer velges samlet. Deretter velges varamedlemmene samlet. Der det velges flere varamedlemmer skal det velges 1. varamedlem, 2. varamedlem osv.<\/p>\n\n\n\n<p>For regler om stemmegivningen p\u00e5 \u00e5rsm\u00f8tet, gjelder <a href=\"https:\/\/www.idrettsforbundet.no\/tema\/juss\/nifs-lov\/kapittel-2-felles-bestemmelser-for-hele-organisasjonen\/#%C2%A72-21\">NIFs lov \u00a7 2-21<\/a>.<\/p>\n\n\n\n<p>(4) &nbsp;&nbsp;&nbsp;&nbsp;&nbsp;&nbsp; [For regler om kontrollutvalget, gjelder <a href=\"https:\/\/www.idrettsforbundet.no\/tema\/juss\/nifs-lov\/kapittel-2-felles-bestemmelser-for-hele-organisasjonen\/#%C2%A72-12\">NIFs lov \u00a7 2-12<\/a>. [Kontrollutvalget arbeider iht. egen instruks vedtatt av \u00e5rsm\u00f8tet.]]<\/p>\n\n\n\n<p>(5) &nbsp;&nbsp;&nbsp;&nbsp;&nbsp;&nbsp; [For regler om valgkomiteen, gjelder <a href=\"https:\/\/www.idrettsforbundet.no\/tema\/juss\/nifs-lov\/kapittel-2-felles-bestemmelser-for-hele-organisasjonen\/#%C2%A72-18\">NIFs lov \u00a7 2-18<\/a>. [Valgkomiteen arbeider iht. egen instruks vedtatt av \u00e5rsm\u00f8tet.]<\/p>\n\n\n\n<p>[Legg inn navn og mandat p\u00e5 ev. \u00f8vrige \u00e5rsm\u00f8tevalgte organer.]<\/p>\n\n\n\n<p><strong>\u00a7 11 &nbsp;&nbsp;&nbsp;&nbsp;Idrettslagets styre<\/strong><\/p>\n\n\n\n<p>(1) &nbsp;&nbsp;&nbsp;&nbsp;&nbsp; Idrettslaget ledes og forpliktes av styret, som representerer idrettslaget utad.<\/p>\n\n\n\n<p>(2) &nbsp;&nbsp;&nbsp;&nbsp;&nbsp;&nbsp; Styret er idrettslagets h\u00f8yeste myndighet mellom \u00e5rsm\u00f8tene, men visse beslutninger kan kun vedtas av \u00e5rsm\u00f8tet iht. \u00a7 10 (3) og <a href=\"https:\/\/www.idrettsforbundet.no\/tema\/juss\/nifs-lov\/kapittel-2-felles-bestemmelser-for-hele-organisasjonen\/#%C2%A72-22\">NIFs lov \u00a7 2-22<\/a>.<\/p>\n\n\n\n<p>(3) &nbsp;&nbsp;&nbsp;&nbsp;&nbsp;&nbsp; Forvaltningen av, og tilsynet med, alle deler av idrettslagets virksomhet h\u00f8rer under styret. Styret skal s\u00f8rge for:<\/p>\n\n\n\n<ul class=\"wp-block-list\">\n<li>at idrettslagets form\u00e5l ivaretas<\/li>\n\n\n\n<li>forsvarlig organisering av idrettslagets virksomhet og \u00f8konomistyring<\/li>\n\n\n\n<li>at beslutninger fattes i samsvar med overordnete organisasjonsledds regelverk og vedtak, idrettslagets lov og \u00e5rsm\u00f8tets vedtak<\/li>\n\n\n\n<li>registrere opplysninger iht. \u00a7 3 (2)<\/li>\n\n\n\n<li>at det oppnevnes en ansvarlig for politiattestordningen, dersom idrettslaget organiserer idrett for mindre\u00e5rige eller personer med utviklingshemming<\/li>\n\n\n\n<li>at det oppnevnes en ansvarlig for barneidretten, dersom idrettslaget organiserer barneidrett<\/li>\n<\/ul>\n\n\n\n<p>(4) &nbsp;&nbsp;&nbsp;&nbsp;&nbsp;&nbsp; Styret kan oppnevne komiteer\/utvalg til ivaretakelse av l\u00f8pende eller enkeltst\u00e5ende oppgaver, og utarbeide mandat\/instruks for disse.<\/p>\n\n\n\n<p>(5) &nbsp;&nbsp;&nbsp;&nbsp;&nbsp;&nbsp; Styret skal oppnevne representanter til \u00e5rsm\u00f8ter\/ting i overordnede organisasjonsledd dersom \u00e5rsm\u00f8tet ikke har valgt representanter.<\/p>\n\n\n\n<p>(6) &nbsp;&nbsp;&nbsp;&nbsp;&nbsp;&nbsp; Styret skal avholde m\u00f8ter n\u00e5r lederen bestemmer det eller minst 2 av styrets medlemmer forlanger det.<\/p>\n\n\n\n<p><strong>\u00a7 12&nbsp;&nbsp;&nbsp;&nbsp; Grupper<\/strong><\/p>\n\n\n\n<p>(1) &nbsp;&nbsp;&nbsp;&nbsp;&nbsp;&nbsp; Idrettslagets \u00e5rsm\u00f8te kan beslutte \u00e5 opprette og nedlegge grupper, og hvordan disse skal organiseres og ledes, eventuelt delegere dette til styret.<\/p>\n\n\n\n<p>(2)&nbsp;&nbsp;&nbsp;&nbsp;&nbsp;&nbsp;&nbsp; Dersom idrettslagets \u00e5rsm\u00f8te, ved behandlingen av organisasjonsplanen, har vedtatt \u00e5 opprette grupper med gruppestyrer, gjelder f\u00f8lgende for idrettslag med omsetning og medlemstall over terskel fastsatt av Idrettsstyret:<\/p>\n\n\n\n<ol style=\"list-style-type:lower-alpha\" class=\"wp-block-list\">\n<li>Hver gruppe skal ha et gruppestyre p\u00e5 minst tre medlemmer. Gruppestyret velges p\u00e5 \u00e5rsm\u00f8tet eller oppnevnes av styret etter fullmakt fra \u00e5rsm\u00f8tet.<\/li>\n\n\n\n<li>Gruppen b\u00f8r ha minst ett \u00e5rlig m\u00f8te der gruppen diskuterer gruppens \u00f8konomi og aktiviteten i gruppen, og forsl\u00e5r kandidater til gruppestyret, samt gir eventuelle innspill til saker som behandles av styret eller \u00e5rsm\u00f8tet. \u00a0<\/li>\n\n\n\n<li>Gruppestyret konstituerer seg selv, med mindre annet er besluttet av \u00e5rsm\u00f8tet eller av styret etter fullmakt fra \u00e5rsm\u00f8tet.<\/li>\n\n\n\n<li>Gruppestyret fastsetter eventuell treningsavgift innenfor rammen av fullmakt gitt av \u00e5rsm\u00f8tet eller styret.<\/li>\n<\/ol>\n\n\n\n<p>(3)&nbsp;&nbsp;&nbsp;&nbsp;&nbsp;&nbsp;&nbsp; Gruppestyrer eller representanter for grupper kan ikke inng\u00e5 avtaler eller p\u00e5 annen m\u00e5te forplikte idrettslaget uten fullmakt fra styret eller \u00e5rsm\u00f8tet, og innenfor de rammer som er fastsatt av styret eller \u00e5rsm\u00f8tet.<\/p>\n\n\n\n<p><strong>\u00a7 13&nbsp;&nbsp;&nbsp;&nbsp; Lovendring<\/strong><\/p>\n\n\n\n<p>For regler om lovendring, gjelder <a href=\"https:\/\/www.idrettsforbundet.no\/tema\/juss\/nifs-lov\/kapittel-2-felles-bestemmelser-for-hele-organisasjonen\/#%C2%A72-2\">NIFs lov \u00a7 2-2<\/a>.<\/p>\n\n\n\n<p>&nbsp;<strong>\u00a7 14&nbsp;&nbsp;&nbsp;&nbsp; Oppl\u00f8sning, utmelding mv.<\/strong><\/p>\n\n\n\n<ul class=\"wp-block-list\">\n<li>Idrettslaget kan vedta oppl\u00f8sning:<ul><li>ved et enstemmig vedtak om oppl\u00f8sning p\u00e5 \u00e5rsm\u00f8tet, eller<\/li><\/ul>\n<ul class=\"wp-block-list\">\n<li>ved \u00e5 vedta oppl\u00f8sning med 2\/3 flertall p\u00e5 to p\u00e5f\u00f8lgende \u00e5rsm\u00f8ter, der det etterf\u00f8lgende \u00e5rsm\u00f8tet m\u00e5 avholdes minimum tre m\u00e5neder og maksimum 6 m\u00e5neder senere.<\/li>\n<\/ul>\n<\/li>\n<\/ul>\n\n\n\n<p>En forutsetning for et gyldig vedtak om oppl\u00f8sning, er at idrettslaget skriftlig varsler idrettskrets og s\u00e6rforbund senest 14 dager f\u00f8r idrettslagets \u00e5rsm\u00f8te behandler forslag om oppl\u00f8sning.<\/p>\n\n\n\n<p>(2) &nbsp;&nbsp;&nbsp;&nbsp;&nbsp;&nbsp; Sammenslutning med andre idrettslag anses ikke som oppl\u00f8sning av idrettslaget. Vedtak om sammenslutning eller utmelding fra s\u00e6rforbund, og n\u00f8dvendige lovendringer i tilknytning til dette, fattes med 2\/3 flertall av \u00e5rsm\u00f8tet.<\/p>\n\n\n\n<p>(3)&nbsp;&nbsp;&nbsp;&nbsp;&nbsp;&nbsp;&nbsp; For regler om utmelding og tap av medlemskap i NIF, gjelder <a href=\"https:\/\/www.idrettsforbundet.no\/tema\/juss\/nifs-lov\/kapittel-10-idrettslag\/#%C2%A710-2\"><u>NIFs lov \u00a7 10-2<\/u><\/a>.<\/p>","protected":false},"excerpt":{"rendered":"<p>Vedtatt av Idrettsstyret 131223 med ikrafttredelse 010124. LOV FOR KOBRA BORDTENNISKLUBB Stiftelsesdato 07.07.1980 Sist endret 02.07.2025 \u00a7 1&nbsp;&nbsp;&nbsp;&nbsp;&nbsp;&nbsp; Form\u00e5l Idrettslagets form\u00e5l er \u00e5 drive idrett organisert i Norges idrettsforbund og olympiske og paralympiske komit\u00e9 (NIF). Arbeidet skal preges av frivillighet, demokrati, lojalitet og likeverd. All idrettslig aktivitet skal bygge p\u00e5 de verdier som er vedtatt [&hellip;]<\/p>","protected":false},"author":1,"featured_media":0,"parent":392,"menu_order":0,"comment_status":"closed","ping_status":"closed","template":"","meta":{"_acf_changed":false,"_mc_calendar":[],"footnotes":""},"class_list":["post-386","page","type-page","status-publish","hentry"],"acf":[],"_links":{"self":[{"href":"https:\/\/kobra.kurergrafisk.no\/en\/wp-json\/wp\/v2\/pages\/386","targetHints":{"allow":["GET"]}}],"collection":[{"href":"https:\/\/kobra.kurergrafisk.no\/en\/wp-json\/wp\/v2\/pages"}],"about":[{"href":"https:\/\/kobra.kurergrafisk.no\/en\/wp-json\/wp\/v2\/types\/page"}],"author":[{"embeddable":true,"href":"https:\/\/kobra.kurergrafisk.no\/en\/wp-json\/wp\/v2\/users\/1"}],"replies":[{"embeddable":true,"href":"https:\/\/kobra.kurergrafisk.no\/en\/wp-json\/wp\/v2\/comments?post=386"}],"version-history":[{"count":3,"href":"https:\/\/kobra.kurergrafisk.no\/en\/wp-json\/wp\/v2\/pages\/386\/revisions"}],"predecessor-version":[{"id":390,"href":"https:\/\/kobra.kurergrafisk.no\/en\/wp-json\/wp\/v2\/pages\/386\/revisions\/390"}],"up":[{"embeddable":true,"href":"https:\/\/kobra.kurergrafisk.no\/en\/wp-json\/wp\/v2\/pages\/392"}],"wp:attachment":[{"href":"https:\/\/kobra.kurergrafisk.no\/en\/wp-json\/wp\/v2\/media?parent=386"}],"curies":[{"name":"wp","href":"https:\/\/api.w.org\/{rel}","templated":true}]}}