{"id":967,"date":"2025-07-24T08:21:58","date_gmt":"2025-07-24T08:21:58","guid":{"rendered":"https:\/\/kobra.kurergrafisk.no\/?page_id=967"},"modified":"2025-07-24T08:21:58","modified_gmt":"2025-07-24T08:21:58","slug":"bli-medlem","status":"publish","type":"page","link":"https:\/\/kobra.kurergrafisk.no\/en\/bli-medlem\/","title":{"rendered":"Become a member"},"content":{"rendered":"<p>\u00d8nsker du \u00e5 bli medlem i Kobra BTK? S\u00f8k her, s\u00e5 tar vi kontakt med deg snart. <\/p>\n\n\n<div class=\"frm_forms  with_frm_style frm_style_formidable-style\" id=\"frm_form_2_container\" data-token=\"ade8bb1bf353e752aff6c69072a3fade\">\n<form enctype=\"multipart\/form-data\" method=\"post\" class=\"frm-show-form  frm_pro_form\" id=\"form_bli-medlem\" data-token=\"ade8bb1bf353e752aff6c69072a3fade\" action=\"\">\n<div class=\"frm_form_fields\">\n<fieldset>\n<legend class=\"frm_screen_reader\">Become a member<\/legend>\r\n\r\n<div class=\"frm_fields_container\">\n<input type=\"hidden\" name=\"frm_action\" value=\"create\" \/>\n<input type=\"hidden\" name=\"form_id\" value=\"2\" \/>\n<input type=\"hidden\" name=\"frm_hide_fields_2\" id=\"frm_hide_fields_2\" value=\"\" \/>\n<input type=\"hidden\" name=\"form_key\" value=\"bli-medlem\" \/>\n<input type=\"hidden\" name=\"item_meta[0]\" value=\"\" \/>\n<input type=\"hidden\" id=\"frm_submit_entry_2\" name=\"frm_submit_entry_2\" value=\"c2de4ff5d3\" \/><input type=\"hidden\" name=\"_wp_http_referer\" value=\"\/en\/wp-json\/wp\/v2\/pages\/967\" \/><div id=\"frm_field_7_container\" class=\"frm_form_field form-field  frm_required_field frm_top_container frm6 frm_first\">\r\n\t<label for=\"field_njpn\" id=\"field_njpn_label\" class=\"frm_primary_label\">For- og mellomnavn\r\n\t\t<span class=\"frm_required\" aria-hidden=\"true\">*<\/span>\r\n\t<\/label>\r\n\t<input  type=\"text\" id=\"field_njpn\" name=\"item_meta[7]\" value=\"\"  data-reqmsg=\"For- og mellomnavn cannot be blank.\" aria-required=\"true\" data-invmsg=\"For- og mellomnavn is invalid\" aria-invalid=\"false\"   \/>\r\n\t\r\n\t\r\n<\/div>\n<div id=\"frm_field_8_container\" class=\"frm_form_field form-field  frm_required_field frm_top_container frm6\">\r\n\t<label for=\"field_w7ec4\" id=\"field_w7ec4_label\" class=\"frm_primary_label\">Etternavn\r\n\t\t<span class=\"frm_required\" aria-hidden=\"true\">*<\/span>\r\n\t<\/label>\r\n\t<input  type=\"text\" id=\"field_w7ec4\" name=\"item_meta[8]\" value=\"\"  data-reqmsg=\"Etternavn cannot be blank.\" aria-required=\"true\" data-invmsg=\"Etternavn is invalid\" aria-invalid=\"false\"   \/>\r\n\t\r\n\t\r\n<\/div>\n<div id=\"frm_field_9_container\" class=\"frm_form_field form-field  frm_required_field frm_top_container frm6 frm_first\">\r\n\t<label for=\"field_hvu5d\" id=\"field_hvu5d_label\" class=\"frm_primary_label\">Kj\u00f8nn\r\n\t\t<span class=\"frm_required\" aria-hidden=\"true\">*<\/span>\r\n\t<\/label>\r\n\t\t\t<select name=\"item_meta[9]\" id=\"field_hvu5d\"  data-reqmsg=\"Kj\u00f8nn cannot be blank.\" aria-required=\"true\" data-invmsg=\"Kj\u00f8nn is invalid\" aria-invalid=\"false\"  >\n\t\t<option  value=\"\" selected='selected'> <\/option><option  value=\"Mann\">Mann<\/option><option  value=\"Kvinne\">Kvinne<\/option>\t<\/select>\n\t\r\n\t\r\n\t\r\n<\/div>\n<div id=\"frm_field_10_container\" class=\"frm_form_field form-field  frm_required_field frm_top_container frm6\">\r\n\t<label for=\"field_6oi07\" id=\"field_6oi07_label\" class=\"frm_primary_label\">F\u00f8dt\r\n\t\t<span class=\"frm_required\" aria-hidden=\"true\">*<\/span>\r\n\t<\/label>\r\n\t<input type=\"text\" id=\"field_6oi07\" name=\"item_meta[10]\" value=\"\"  maxlength=\"10\" data-reqmsg=\"F\u00f8dt cannot be blank.\" aria-required=\"true\" data-invmsg=\"F\u00f8dt is invalid\" class=\"frm_date\" aria-invalid=\"false\"  \/>\r\n\t\r\n\t\r\n<\/div>\n<div id=\"frm_field_11_container\" class=\"frm_form_field form-field  frm_required_field frm_top_container\">\r\n\t<label for=\"field_r1am8\" id=\"field_r1am8_label\" class=\"frm_primary_label\">Gateadresse\r\n\t\t<span class=\"frm_required\" aria-hidden=\"true\">*<\/span>\r\n\t<\/label>\r\n\t<input  type=\"text\" id=\"field_r1am8\" name=\"item_meta[11]\" value=\"\"  data-reqmsg=\"Gateadresse cannot be blank.\" aria-required=\"true\" data-invmsg=\"Gateadresse is invalid\" aria-invalid=\"false\"   \/>\r\n\t\r\n\t\r\n<\/div>\n<div id=\"frm_field_12_container\" class=\"frm_form_field form-field  frm_required_field frm_top_container frm6 frm_first\">\r\n\t<label for=\"field_3xgdb\" id=\"field_3xgdb_label\" class=\"frm_primary_label\">Postnummer\r\n\t\t<span class=\"frm_required\" aria-hidden=\"true\">*<\/span>\r\n\t<\/label>\r\n\t<input  type=\"text\" id=\"field_3xgdb\" name=\"item_meta[12]\" value=\"\"  data-reqmsg=\"Postnummer cannot be blank.\" aria-required=\"true\" data-invmsg=\"Postnummer is invalid\" aria-invalid=\"false\"   \/>\r\n\t\r\n\t\r\n<\/div>\n<div id=\"frm_field_13_container\" class=\"frm_form_field form-field  frm_required_field frm_top_container frm6\">\r\n\t<label for=\"field_pqjo6\" id=\"field_pqjo6_label\" class=\"frm_primary_label\">Poststed\r\n\t\t<span class=\"frm_required\" aria-hidden=\"true\">*<\/span>\r\n\t<\/label>\r\n\t<input  type=\"text\" id=\"field_pqjo6\" name=\"item_meta[13]\" value=\"\"  data-reqmsg=\"Poststed cannot be blank.\" aria-required=\"true\" data-invmsg=\"Poststed is invalid\" aria-invalid=\"false\"   \/>\r\n\t\r\n\t\r\n<\/div>\n<div id=\"frm_field_14_container\" class=\"frm_form_field form-field  frm_required_field frm_top_container\">\r\n\t<label for=\"field_diit9\" id=\"field_diit9_label\" class=\"frm_primary_label\">Mobil\r\n\t\t<span class=\"frm_required\" aria-hidden=\"true\">*<\/span>\r\n\t<\/label>\r\n\t<input  type=\"text\" id=\"field_diit9\" name=\"item_meta[14]\" value=\"\"  data-reqmsg=\"Mobil cannot be blank.\" aria-required=\"true\" data-invmsg=\"Mobil is invalid\" aria-invalid=\"false\"   \/>\r\n\t\r\n\t\r\n<\/div>\n<div id=\"frm_field_15_container\" class=\"frm_form_field form-field  frm_required_field frm_top_container\">\r\n\t<label for=\"field_are9o\" id=\"field_are9o_label\" class=\"frm_primary_label\">E-post\r\n\t\t<span class=\"frm_required\" aria-hidden=\"true\">*<\/span>\r\n\t<\/label>\r\n\t<input type=\"email\" id=\"field_are9o\" name=\"item_meta[15]\" value=\"\"  autocomplete=\"email\"  data-reqmsg=\"E-post cannot be blank.\" aria-required=\"true\" data-invmsg=\"E-post is invalid\" aria-invalid=\"false\"  \/>\r\n\t\r\n\t\r\n<\/div>\n<div id=\"frm_field_16_container\" class=\"frm_form_field form-field  frm_required_field frm_top_container frm12 frm_first\">\r\n\t<div  id=\"field_azdg0_label\" class=\"frm_primary_label\">GDPR Samtykke\r\n\t\t<span class=\"frm_required\" aria-hidden=\"true\">*<\/span>\r\n\t<\/div>\r\n\t\n<div class=\"frm_checkbox\" role=\"group\" aria-labelledby=\"frm-gdpr-accept-16\">\n\t<label for=\"frm-gdpr-accept-16\">\n\t\t<input type=\"checkbox\" aria-required=\"true\" name=\"item_meta[16]\" id=\"frm-gdpr-accept-16\" value=\"1\" \n\t\t \t\t data-reqmsg=\"GDPR Samtykke cannot be blank.\" data-invmsg=\"GDPR Samtykke is invalid\" aria-invalid=\"false\"  \t\t\/>\n\t\tJeg samtykker i at denne nettsiden lagrer informasjonen jeg har sendt inn, slik at de kan svare p\u00e5 henvendelsen min.\t<\/label>\n<\/div>\n\r\n\t\r\n\t\r\n<\/div>\n<div id=\"frm_field_17_container\" class=\"frm_form_field form-field  frm_none_container frm12 frm_first\">\r\n\t<label for=\"g-recaptcha-response\" id=\"field_1j2og_label\" class=\"frm_primary_label\">Captcha\r\n\t\t<span class=\"frm_required\" aria-hidden=\"true\"><\/span>\r\n\t<\/label>\r\n\t\r\n\t\r\n\t\r\n<\/div>\n<div id=\"frm_field_6_container\" class=\"frm_form_field form-field\">\r\n\t<div class=\"frm_submit frm_flex\">\r\n<button class=\"frm_button_submit frm_final_submit\" type=\"submit\"   formnovalidate=\"formnovalidate\">Send<\/button>\r\n\r\n\r\n\r\n<\/div>\r\n<\/div>\n\t<input type=\"hidden\" name=\"item_key\" value=\"\" \/>\n\t\t\t<div id=\"frm_field_24_container\">\n\t\t\t<label for=\"field_i7qzy\" >\n\t\t\t\tIf you are human, leave this field blank.\t\t\t<\/label>\n\t\t\t<input  id=\"field_i7qzy\" type=\"text\" class=\"frm_form_field form-field frm_verify\" name=\"item_meta[24]\" value=\"\"  \/>\n\t\t<\/div>\n\t\t<input name=\"frm_state\" type=\"hidden\" value=\"A96P3Us94TE0c2MUI3efMYuQ1SWVOw1t3\/P7bfWzyqua5N3UEzEHX3GTbKq2CQkX\" \/><\/div>\n<\/fieldset>\n<\/div>\n\n<input type=\"hidden\" name=\"trp-form-language\" value=\"en\"\/><\/form>\n<\/div>","protected":false},"excerpt":{"rendered":"<p>\u00d8nsker du \u00e5 bli medlem i Kobra BTK? S\u00f8k her, s\u00e5 tar vi kontakt med deg snart.<\/p>","protected":false},"author":1,"featured_media":0,"parent":0,"menu_order":0,"comment_status":"closed","ping_status":"closed","template":"","meta":{"_acf_changed":false,"_mc_calendar":[],"footnotes":""},"class_list":["post-967","page","type-page","status-publish","hentry"],"acf":[],"_links":{"self":[{"href":"https:\/\/kobra.kurergrafisk.no\/en\/wp-json\/wp\/v2\/pages\/967","targetHints":{"allow":["GET"]}}],"collection":[{"href":"https:\/\/kobra.kurergrafisk.no\/en\/wp-json\/wp\/v2\/pages"}],"about":[{"href":"https:\/\/kobra.kurergrafisk.no\/en\/wp-json\/wp\/v2\/types\/page"}],"author":[{"embeddable":true,"href":"https:\/\/kobra.kurergrafisk.no\/en\/wp-json\/wp\/v2\/users\/1"}],"replies":[{"embeddable":true,"href":"https:\/\/kobra.kurergrafisk.no\/en\/wp-json\/wp\/v2\/comments?post=967"}],"version-history":[{"count":1,"href":"https:\/\/kobra.kurergrafisk.no\/en\/wp-json\/wp\/v2\/pages\/967\/revisions"}],"predecessor-version":[{"id":968,"href":"https:\/\/kobra.kurergrafisk.no\/en\/wp-json\/wp\/v2\/pages\/967\/revisions\/968"}],"wp:attachment":[{"href":"https:\/\/kobra.kurergrafisk.no\/en\/wp-json\/wp\/v2\/media?parent=967"}],"curies":[{"name":"wp","href":"https:\/\/api.w.org\/{rel}","templated":true}]}}