{"id":983,"date":"2025-07-24T08:52:36","date_gmt":"2025-07-24T08:52:36","guid":{"rendered":"https:\/\/kobra.kurergrafisk.no\/?page_id=983"},"modified":"2025-07-24T08:58:09","modified_gmt":"2025-07-24T08:58:09","slug":"kontakt-oss","status":"publish","type":"page","link":"https:\/\/kobra.kurergrafisk.no\/en\/kontakt-oss\/","title":{"rendered":"Contact us"},"content":{"rendered":"<p>Har du noe du lurer p\u00e5? Send oss gjerne en foresp\u00f8rsel via kontaktskjemaet:<\/p>\n\n\n<div class=\"frm_forms  with_frm_style frm_style_formidable-style\" id=\"frm_form_3_container\" data-token=\"4b06fcaa222a05fca6d9560d46384435\">\n<form enctype=\"multipart\/form-data\" method=\"post\" class=\"frm-show-form  frm_pro_form\" id=\"form_generelt-kontaktskjema\" data-token=\"4b06fcaa222a05fca6d9560d46384435\" action=\"\">\n<div class=\"frm_form_fields\">\n<fieldset>\n<legend class=\"frm_screen_reader\">Generelt kontaktskjema<\/legend>\r\n\r\n<div class=\"frm_fields_container\">\n<input type=\"hidden\" name=\"frm_action\" value=\"create\" \/>\n<input type=\"hidden\" name=\"form_id\" value=\"3\" \/>\n<input type=\"hidden\" name=\"frm_hide_fields_3\" id=\"frm_hide_fields_3\" value=\"\" \/>\n<input type=\"hidden\" name=\"form_key\" value=\"generelt-kontaktskjema\" \/>\n<input type=\"hidden\" name=\"item_meta[0]\" value=\"\" \/>\n<input type=\"hidden\" id=\"frm_submit_entry_3\" name=\"frm_submit_entry_3\" value=\"f85ceaf77a\" \/><input type=\"hidden\" name=\"_wp_http_referer\" value=\"\/en\/wp-json\/wp\/v2\/pages\/983\" \/><div id=\"frm_field_19_container\" class=\"frm_form_field form-field  frm_required_field frm_top_container\">\r\n\t<label for=\"field_p93zs\" id=\"field_p93zs_label\" class=\"frm_primary_label\">Name\r\n\t\t<span class=\"frm_required\" aria-hidden=\"true\">*<\/span>\r\n\t<\/label>\r\n\t<input  type=\"text\" id=\"field_p93zs\" name=\"item_meta[19]\" value=\"\"  data-reqmsg=\"Navn cannot be blank.\" aria-required=\"true\" data-invmsg=\"Navn is invalid\" aria-invalid=\"false\"   \/>\r\n\t\r\n\t\r\n<\/div>\n<div id=\"frm_field_20_container\" class=\"frm_form_field form-field  frm_required_field frm_top_container\">\r\n\t<label for=\"field_gzm2g\" id=\"field_gzm2g_label\" class=\"frm_primary_label\">E-post\r\n\t\t<span class=\"frm_required\" aria-hidden=\"true\">*<\/span>\r\n\t<\/label>\r\n\t<input type=\"email\" id=\"field_gzm2g\" name=\"item_meta[20]\" value=\"\"  autocomplete=\"email\"  data-reqmsg=\"E-post cannot be blank.\" aria-required=\"true\" data-invmsg=\"E-post is invalid\" aria-invalid=\"false\"  \/>\r\n\t\r\n\t\r\n<\/div>\n<div id=\"frm_field_21_container\" class=\"frm_form_field form-field  frm_top_container\">\r\n\t<label for=\"field_60d04\" id=\"field_60d04_label\" class=\"frm_primary_label\">Jeg lurer p\u00e5&#8230;\r\n\t\t<span class=\"frm_required\" aria-hidden=\"true\"><\/span>\r\n\t<\/label>\r\n\t<textarea name=\"item_meta[21]\" id=\"field_60d04\" rows=\"5\"  data-invmsg=\"Jeg lurer p\u00e5... is invalid\" aria-invalid=\"false\"  ><\/textarea>\r\n\t\r\n\t\r\n<\/div>\n<div id=\"frm_field_23_container\" class=\"frm_form_field form-field  frm_required_field frm_top_container\">\r\n\t<div  id=\"field_t7e2s_label\" class=\"frm_primary_label\">GDPR Samtykke\r\n\t\t<span class=\"frm_required\" aria-hidden=\"true\">*<\/span>\r\n\t<\/div>\r\n\t\n<div class=\"frm_checkbox\" role=\"group\" aria-labelledby=\"frm-gdpr-accept-23\">\n\t<label for=\"frm-gdpr-accept-23\">\n\t\t<input type=\"checkbox\" aria-required=\"true\" name=\"item_meta[23]\" id=\"frm-gdpr-accept-23\" value=\"1\" \n\t\t \t\t data-reqmsg=\"GDPR Samtykke cannot be blank.\" data-invmsg=\"GDPR Samtykke is invalid\" aria-invalid=\"false\"  \t\t\/>\n\t\tJeg gir samtykke til at denne nettsiden kan lagre foresp\u00f8rsler fra meg s\u00e5 de kan svare p\u00e5 sp\u00f8rsm\u00e5let mitt.\t<\/label>\n<\/div>\n\r\n\t\r\n\t\r\n<\/div>\n<div id=\"frm_field_22_container\" class=\"frm_form_field form-field  frm_none_container\">\r\n\t<label for=\"g-recaptcha-response\" id=\"field_gk2lg_label\" class=\"frm_primary_label\">Captcha\r\n\t\t<span class=\"frm_required\" aria-hidden=\"true\"><\/span>\r\n\t<\/label>\r\n\t\r\n\t\r\n\t\r\n<\/div>\n<div id=\"frm_field_18_container\" class=\"frm_form_field form-field\">\r\n\t<div class=\"frm_submit frm_flex\">\r\n<button class=\"frm_button_submit frm_final_submit\" type=\"submit\"   formnovalidate=\"formnovalidate\">Send<\/button>\r\n\r\n\r\n\r\n<\/div>\r\n<\/div>\n\t<input type=\"hidden\" name=\"item_key\" value=\"\" \/>\n\t\t\t<div id=\"frm_field_24_container\">\n\t\t\t<label for=\"field_w5n89\" >\n\t\t\t\tIf you are human, leave this field blank.\t\t\t<\/label>\n\t\t\t<input  id=\"field_w5n89\" type=\"text\" class=\"frm_form_field form-field frm_verify\" name=\"item_meta[24]\" value=\"\"  \/>\n\t\t<\/div>\n\t\t<input name=\"frm_state\" type=\"hidden\" value=\"A96P3Us94TE0c2MUI3efMd7PEZGfzpoIagXAhJWrSO+a5N3UEzEHX3GTbKq2CQkX\" \/><\/div>\n<\/fieldset>\n<\/div>\n\n<input type=\"hidden\" name=\"trp-form-language\" value=\"en\"\/><\/form>\n<\/div>\n\n\n\n<p><strong>Cobra BTK<\/strong><br>C\/O Tore Eig,<br>Konglevegen 29<br>2214 KongsvingerOrg.nr. 983 802 095 Bank: 1840.59.05503<\/p>\n\n\n\n<p><strong>Fakturaadresse:<\/strong><br>Kobra Tabletennis Club<br>983802095<br>Postboks 2723<br>7439 TRONDHEIM<\/p>\n\n\n\n<p><strong>&laquo;Deres ref&raquo;<\/strong>&nbsp;p\u00e5 fakturaen&nbsp;<strong>m\u00e5&nbsp;<\/strong>fylles ut med&nbsp;<strong>602<\/strong><br><strong>Bruk gjerne EHF<\/strong><\/p>\n\n\n\n<p><\/p>\n\n\n\n<hr class=\"wp-block-separator has-alpha-channel-opacity\"\/>\n\n\n\n<h2 class=\"wp-block-heading\"><strong>Kobrahallen<\/strong><\/h2>\n\n\n\n<p>V\u00e5re treningslokaler finner du i Oterveien 26 p\u00e5 Rasta i Kongsvinger. Du finner en trapp ned i underetasjen i den s\u00f8rlige delen av bygget.<\/p>\n\n\n\n<iframe src=\"https:\/\/www.google.com\/maps\/embed?pb=!1m18!1m12!1m3!1d3165.290319369536!2d12.016150977799155!3d60.17339454317295!2m3!1f0!2f0!3f0!3m2!1i1024!2i768!4f13.1!3m3!1m2!1s0x4642491c2c74d415%3A0x4b9b436115d3be5!2sOtervegen%2026%2C%202211%20Kongsvinger!5e1!3m2!1sno!2sno!4v1753347147244!5m2!1sno!2sno\" width=\"600\" height=\"650\" style=\"border:0;\" allowfullscreen=\"\" loading=\"lazy\" referrerpolicy=\"no-referrer-when-downgrade\"><\/iframe>","protected":false},"excerpt":{"rendered":"<p>Har du noe du lurer p\u00e5? Send oss gjerne en foresp\u00f8rsel via kontaktskjemaet: Kobra BTKC\/O Tore Eig,Konglevegen 292214 KongsvingerOrg.nr. 983 802 095 Bank: 1840.59.05503 Fakturaadresse:Kobra Bordtennisklubb983802095Postboks 27237439 TRONDHEIM &laquo;Deres ref&raquo;&nbsp;p\u00e5 fakturaen&nbsp;m\u00e5&nbsp;fylles ut med&nbsp;602Bruk gjerne EHF Kobrahallen V\u00e5re treningslokaler finner du i Oterveien 26 p\u00e5 Rasta i Kongsvinger. Du finner en trapp ned i underetasjen i [&hellip;]<\/p>","protected":false},"author":1,"featured_media":0,"parent":0,"menu_order":0,"comment_status":"closed","ping_status":"closed","template":"","meta":{"_acf_changed":false,"_mc_calendar":[],"footnotes":""},"class_list":["post-983","page","type-page","status-publish","hentry"],"acf":[],"_links":{"self":[{"href":"https:\/\/kobra.kurergrafisk.no\/en\/wp-json\/wp\/v2\/pages\/983","targetHints":{"allow":["GET"]}}],"collection":[{"href":"https:\/\/kobra.kurergrafisk.no\/en\/wp-json\/wp\/v2\/pages"}],"about":[{"href":"https:\/\/kobra.kurergrafisk.no\/en\/wp-json\/wp\/v2\/types\/page"}],"author":[{"embeddable":true,"href":"https:\/\/kobra.kurergrafisk.no\/en\/wp-json\/wp\/v2\/users\/1"}],"replies":[{"embeddable":true,"href":"https:\/\/kobra.kurergrafisk.no\/en\/wp-json\/wp\/v2\/comments?post=983"}],"version-history":[{"count":5,"href":"https:\/\/kobra.kurergrafisk.no\/en\/wp-json\/wp\/v2\/pages\/983\/revisions"}],"predecessor-version":[{"id":993,"href":"https:\/\/kobra.kurergrafisk.no\/en\/wp-json\/wp\/v2\/pages\/983\/revisions\/993"}],"wp:attachment":[{"href":"https:\/\/kobra.kurergrafisk.no\/en\/wp-json\/wp\/v2\/media?parent=983"}],"curies":[{"name":"wp","href":"https:\/\/api.w.org\/{rel}","templated":true}]}}